{"id":2244,"date":"2023-05-08T07:57:51","date_gmt":"2023-05-08T07:57:51","guid":{"rendered":"https:\/\/www.ctenergeticremusradulet.ro\/scoala\/?page_id=2244"},"modified":"2024-04-06T14:38:01","modified_gmt":"2024-04-06T14:38:01","slug":"oferta-educationala","status":"publish","type":"page","link":"http:\/\/www.ctenergeticremusradulet.ro\/scoala\/oferta-educationala\/","title":{"rendered":"OFERT\u0102 EDUCA\u021aIONAL\u0102"},"content":{"rendered":"\n<p><\/p>\n\n\n\n<p><strong><em>OFERT\u0102 EDUCA\u021aIONAL\u0102 2024-2025<\/em><\/strong><\/p>\n\n\n\n<p>\u00cen anul \u0219colar 2024-2025 la \u0218coala Gimnazial\u0103 nr 31 Bra\u0219ov, s-a aprobat urm\u0103toarea ofert\u0103 educa\u021bional\u0103:<\/p>\n\n\n\n<p><strong><em>Gr\u0103dini\u021ba cu PP nr. 31SG Bra\u0219ov &#8211; 5 grupe &#8211; 119 locuri din care:<\/em><\/strong><\/p>\n\n\n\n<ul><li>2 grupe mici prelungit &#8211; 40 locuri<\/li><\/ul>\n\n\n\n<ul><li>1 grup\u0103 mijlocie prelungit &#8211; 27 locuri<\/li><\/ul>\n\n\n\n<ul><li>1 grup\u0103 mare normal\u0103 &#8211; 20 locuri<\/li><\/ul>\n\n\n\n<ul><li>1 grup\u0103 mare prelungit &#8211; 32 locuri <\/li><\/ul>\n\n\n\n<p><strong><em>\u00cenv\u0103\u021b\u0103m\u00eent primar &#8211; \u0218coala Gimnazial\u0103 nr 31 Bra\u0219ov &#8211; 10 clase &#8211;  234 locuri din care:<\/em><\/strong><\/p>\n\n\n\n<ul><li>2 clase preg\u0103titoare -44 locuri<\/li><li>2 clase a I-a &#8211; 38 locuri<\/li><li>2 clase a II-a &#8211; 50 locuri<\/li><li>2 clase a III-a &#8211; 47 locuri<\/li><li>2 clase a IV-a &#8211; 55 locuri<\/li><\/ul>\n\n\n\n<p><strong><em>\u00cenv\u0103\u021b\u0103m\u00e2nt gimnazial &#8211; \u0218coala Gimnazial\u0103 nr 31 Bra\u0219ov &#8211; 8 clase &#8211; 186 locuri<\/em><\/strong><\/p>\n\n\n\n<ul><li>2 clase a V-a &#8211; 52 locuri<\/li><li>2 clase a VI-a &#8211; 49 locuri<\/li><li>2 clase a VII-a &#8211; 41 locuri<\/li><li>2 clase a VIII-a &#8211; 44 locuri<\/li><\/ul>\n\n\n\n<p><strong><em>OFERT\u0102 EDUCA\u021aIONAL\u0102 2023-2024<\/em><\/strong><\/p>\n\n\n\n<p>\u00cen anul \u0219colar 2023-2024 la \u0218coala Gimnazial\u0103 nr 31 Bra\u0219ov, s-a aprobat urm\u0103toarea ofert\u0103 educa\u021bional\u0103:<\/p>\n\n\n\n<p><strong><em>Gr\u0103dini\u021ba cu PP nr. 31SG Bra\u0219ov &#8211; 5 grupe &#8211; 126 locuri din care:<\/em><\/strong><\/p>\n\n\n\n<ul><li>1 grup\u0103 mic\u0103 prelungit &#8211; 23 locuri<\/li><\/ul>\n\n\n\n<ul><li>1 grup\u0103 mijlocie prelungit &#8211; 28 locuri<\/li><\/ul>\n\n\n\n<ul><li>1 grup\u0103 mare normal\u0103 &#8211; 25 locuri<\/li><\/ul>\n\n\n\n<ul><li>2 grupe mari prelungit &#8211; 50 locuri <\/li><\/ul>\n\n\n\n<p><strong><em>\u00cenv\u0103\u021b\u0103m\u00eent primar &#8211; \u0218coala Gimnazial\u0103 nr 31 Bra\u0219ov &#8211; 10 clase &#8211; 239 locuri din care:<\/em><\/strong><\/p>\n\n\n\n<ul><li>2 clase preg\u0103titoare -44 locuri<\/li><li>2 clase a I-a &#8211; 47 locuri<\/li><li>2 clase a II-a &#8211; 50 locuri<\/li><li>2 clase a III-a &#8211; 52 locuri<\/li><li>2 clase a IV-a &#8211; 46 locuri<\/li><\/ul>\n\n\n\n<p><strong><em>\u00cenv\u0103\u021b\u0103m\u00e2nt gimnazial &#8211; \u0218coala Gimnazial\u0103 nr 31 Bra\u0219ov &#8211; 8 clase -186 locuri<\/em><\/strong><\/p>\n\n\n\n<ul><li>2 clase a V-a &#8211; 46 locuri<\/li><li>2 clase a VI-a &#8211; 45 locuri<\/li><li>2 clase a VII-a &#8211; 42 locuri<\/li><li>2 clase a VIII-a &#8211; 53 locuri<\/li><\/ul>\n","protected":false},"excerpt":{"rendered":"<p>OFERT\u0102 EDUCA\u021aIONAL\u0102 2024-2025 \u00cen anul \u0219colar 2024-2025 la \u0218coala Gimnazial\u0103 nr 31 Bra\u0219ov, s-a aprobat urm\u0103toarea ofert\u0103 educa\u021bional\u0103: Gr\u0103dini\u021ba cu PP nr. 31SG Bra\u0219ov &#8211; 5 grupe &#8211; 119 locuri din care: 2 grupe mici prelungit &#8211; 40 locuri 1 grup\u0103 mijlocie prelungit &#8211; 27 locuri 1 grup\u0103 mare normal\u0103 &#8211; 20 locuri 1 grup\u0103 [&hellip;]<\/p>\n","protected":false},"author":1,"featured_media":0,"parent":0,"menu_order":0,"comment_status":"closed","ping_status":"closed","template":"","meta":{"ngg_post_thumbnail":0},"_links":{"self":[{"href":"http:\/\/www.ctenergeticremusradulet.ro\/scoala\/wp-json\/wp\/v2\/pages\/2244"}],"collection":[{"href":"http:\/\/www.ctenergeticremusradulet.ro\/scoala\/wp-json\/wp\/v2\/pages"}],"about":[{"href":"http:\/\/www.ctenergeticremusradulet.ro\/scoala\/wp-json\/wp\/v2\/types\/page"}],"author":[{"embeddable":true,"href":"http:\/\/www.ctenergeticremusradulet.ro\/scoala\/wp-json\/wp\/v2\/users\/1"}],"replies":[{"embeddable":true,"href":"http:\/\/www.ctenergeticremusradulet.ro\/scoala\/wp-json\/wp\/v2\/comments?post=2244"}],"version-history":[{"count":7,"href":"http:\/\/www.ctenergeticremusradulet.ro\/scoala\/wp-json\/wp\/v2\/pages\/2244\/revisions"}],"predecessor-version":[{"id":2561,"href":"http:\/\/www.ctenergeticremusradulet.ro\/scoala\/wp-json\/wp\/v2\/pages\/2244\/revisions\/2561"}],"wp:attachment":[{"href":"http:\/\/www.ctenergeticremusradulet.ro\/scoala\/wp-json\/wp\/v2\/media?parent=2244"}],"curies":[{"name":"wp","href":"https:\/\/api.w.org\/{rel}","templated":true}]}}