{"id":930,"date":"2019-02-06T09:56:51","date_gmt":"2019-02-06T09:56:51","guid":{"rendered":"http:\/\/www.remusradulet.ro\/scoala\/?page_id=930"},"modified":"2025-02-17T13:36:26","modified_gmt":"2025-02-17T13:36:26","slug":"examene-nationale","status":"publish","type":"page","link":"http:\/\/www.ctenergeticremusradulet.ro\/scoala\/examene-nationale\/","title":{"rendered":"EXAMENE NA\u021aIONALE \u0218I OLIMPIADE"},"content":{"rendered":"\n<p><strong>OLIMPIADA DE LIMBA \u0218I LITERATURA ROM\u00c2N\u0102<\/strong><\/p>\n\n\n\n<p><strong>REZULTATE FINALE OLIMPIADA DE LIMBA ROM\u00c2N\u0102 FAZA LOCAL\u0102 15.02.2025<\/strong><\/p>\n\n\n\n<div class=\"wp-block-file\"><object class=\"wp-block-file__embed\" data=\"https:\/\/www.ctenergeticremusradulet.ro\/scoala\/wp-content\/uploads\/2025\/02\/REZULTATE-FINALE-OLIMPIADA.pdf\" type=\"application\/pdf\" style=\"width:100%;height:600px\" aria-label=\"Embed of REZULTATE-FINALE-OLIMPIADA.\"><\/object><a id=\"wp-block-file--media-a11bf9f2-e250-494f-afaa-b4c76cbe4c6e\" href=\"https:\/\/www.ctenergeticremusradulet.ro\/scoala\/wp-content\/uploads\/2025\/02\/REZULTATE-FINALE-OLIMPIADA.pdf\">REZULTATE-FINALE-OLIMPIADA<\/a><a href=\"https:\/\/www.ctenergeticremusradulet.ro\/scoala\/wp-content\/uploads\/2025\/02\/REZULTATE-FINALE-OLIMPIADA.pdf\" class=\"wp-block-file__button\" download aria-describedby=\"wp-block-file--media-a11bf9f2-e250-494f-afaa-b4c76cbe4c6e\">Download<\/a><\/div>\n\n\n\n<p><strong>REZULTATE OLIMPIADA DE LIMBA ROM\u00c2N\u0102 FAZA LOCAL\u0102 15.02.2025<\/strong><\/p>\n\n\n\n<div class=\"wp-block-file\"><object class=\"wp-block-file__embed\" data=\"https:\/\/www.ctenergeticremusradulet.ro\/scoala\/wp-content\/uploads\/2025\/02\/REZULTATE-OLIMPIADA-FAZA-LOCALA-15.02.2025.pdf\" type=\"application\/pdf\" style=\"width:100%;height:600px\" aria-label=\"Embed of REZULTATE-OLIMPIADA-FAZA-LOCALA-15.02.2025.\"><\/object><a id=\"wp-block-file--media-fe19512b-f165-40c0-9cd8-99179d3929ab\" href=\"https:\/\/www.ctenergeticremusradulet.ro\/scoala\/wp-content\/uploads\/2025\/02\/REZULTATE-OLIMPIADA-FAZA-LOCALA-15.02.2025.pdf\">REZULTATE-OLIMPIADA-FAZA-LOCALA-15.02.2025<\/a><a href=\"https:\/\/www.ctenergeticremusradulet.ro\/scoala\/wp-content\/uploads\/2025\/02\/REZULTATE-OLIMPIADA-FAZA-LOCALA-15.02.2025.pdf\" class=\"wp-block-file__button\" download aria-describedby=\"wp-block-file--media-fe19512b-f165-40c0-9cd8-99179d3929ab\">Download<\/a><\/div>\n\n\n\n<p><\/p>\n\n\n\n<p><\/p>\n\n\n\n<p><strong>EVALUARE NA\u021aIONAL\u0102 2024<\/strong><\/p>\n\n\n\n<p><a href=\"https:\/\/www.ctenergeticremusradulet.ro\/static\/fisiere\/NewFolder%202\/Calendar-Ordin-Evaluarea-Nationala-2023-2024-Monitorul-Oficial-Partea-I-nr.-795.pdf\">Ordin 6155_31\/08\/2023_EN_2024<\/a><\/p>\n\n\n\n<p><a href=\"https:\/\/www.ctenergeticremusradulet.ro\/static\/fisiere\/NewFolder%202\/Calendar_EN_2024.pdf\">Calendar _EN_2024<\/a><\/p>\n\n\n\n<p><a href=\"http:\/\/www.subiecte.edu.ro\/2024\/evaluarenationala\/modeledesubiecte\/\">Subiecte_Model_EN_2024<\/a><\/p>\n\n\n\n<p><a href=\"https:\/\/www.ctenergeticremusradulet.ro\/static\/fisiere\/NewFolder%202\/programa-de-examen-la-limba-romana-pentru-evaluarea-nationala-2024.pdf\">Programe_Rom\u00e2n\u0103_EN_2024<\/a><\/p>\n\n\n\n<p><a href=\"https:\/\/www.ctenergeticremusradulet.ro\/static\/fisiere\/NewFolder%202\/programa-de-examen-la-matematica-pentru-evaluarea-nationala-2024.pdf\">Programe_Matematic\u0103_EN_2024<\/a><\/p>\n\n\n\n<p><strong>EVALUARE NA\u021aIONAL\u0102 2_4_6_2023-2024<\/strong><\/p>\n\n\n\n<p><a href=\"https:\/\/www.ctenergeticremusradulet.ro\/static\/fisiere\/NewFolder%202\/CALENDAR.pdf\">Calendar Evaluare Na\u021bional\u0103 2_4_6_2023-2024<\/a><\/p>\n\n\n\n<p><a href=\"https:\/\/www.ctenergeticremusradulet.ro\/static\/fisiere\/NewFolder%202\/calendar-evaluare-nationala-clase-II-IV-VI-Monitorul-Oficial-Partea-I-nr.-138.pdf\">Ordin nr 3771\/09\/02\/2024 privind aprobarea Calendarului de administrare a evalu\u0103rilor na\u021bionale la finalul claselor a II-a, a IV-a \u0219i a VI-a \u00een anul \u0219colar 2023-2024<\/a><\/p>\n\n\n\n<p><a href=\"https:\/\/www.ctenergeticremusradulet.ro\/static\/fisiere\/NewFolder%202\/Manual_de_administrare_EN_II_IV_VI_2023.pdf\">Manual de proceduri privind administrarea evaluarilor na\u021bionale la finalul claselor 2,4,6 \u00een anul \u0219colar 2023-2024<\/a><\/p>\n\n\n\n<p><strong>EVALUARE NA\u021aIONAL\u0102 2023<\/strong><\/p>\n\n\n\n<p><strong><em>ORDIN privind organizarea \u0219i desf\u0103\u0219urarea Evalu\u0103rii Na\u021bionale pentru absolven\u021bii clasei a VIII-a \u00een anul \u0219colar 2022-2023<\/em><\/strong><\/p>\n\n\n\n<div class=\"wp-block-file\"><object class=\"wp-block-file__embed\" data=\"https:\/\/www.ctenergeticremusradulet.ro\/scoala\/wp-content\/uploads\/2023\/04\/OM_5241_2022_ENVII_2023.pdf\" type=\"application\/pdf\" style=\"width:100%;height:600px\" aria-label=\"Embed of OM_5241_2022_ENVII_2023.\"><\/object><a id=\"wp-block-file--media-35648d31-ccd1-45ef-bbee-ead2280c8f90\" href=\"https:\/\/www.ctenergeticremusradulet.ro\/scoala\/wp-content\/uploads\/2023\/04\/OM_5241_2022_ENVII_2023.pdf\">OM_5241_2022_ENVII_2023<\/a><a href=\"https:\/\/www.ctenergeticremusradulet.ro\/scoala\/wp-content\/uploads\/2023\/04\/OM_5241_2022_ENVII_2023.pdf\" class=\"wp-block-file__button\" download aria-describedby=\"wp-block-file--media-35648d31-ccd1-45ef-bbee-ead2280c8f90\">Download<\/a><\/div>\n\n\n\n<div class=\"wp-block-file\"><object class=\"wp-block-file__embed\" data=\"https:\/\/www.ctenergeticremusradulet.ro\/scoala\/wp-content\/uploads\/2023\/04\/CALENDAR-EVALUARE-NATIONALA-2023.pdf\" type=\"application\/pdf\" style=\"width:100%;height:580px\" aria-label=\"Embed of CALENDAR-EVALUARE-NATIONALA-2023.\"><\/object><a id=\"wp-block-file--media-3a4da483-d6dd-4777-817e-b3a710aaae20\" href=\"https:\/\/www.ctenergeticremusradulet.ro\/scoala\/wp-content\/uploads\/2023\/04\/CALENDAR-EVALUARE-NATIONALA-2023.pdf\">CALENDAR-EVALUARE-NATIONALA-2023<\/a><a href=\"https:\/\/www.ctenergeticremusradulet.ro\/scoala\/wp-content\/uploads\/2023\/04\/CALENDAR-EVALUARE-NATIONALA-2023.pdf\" class=\"wp-block-file__button\" download aria-describedby=\"wp-block-file--media-3a4da483-d6dd-4777-817e-b3a710aaae20\">Download<\/a><\/div>\n\n\n\n<div class=\"wp-block-file\"><object class=\"wp-block-file__embed\" data=\"https:\/\/www.ctenergeticremusradulet.ro\/scoala\/wp-content\/uploads\/2023\/04\/Programe.-_Romana_Matematica_Evaluare_2023.pdf\" type=\"application\/pdf\" style=\"width:100%;height:600px\" aria-label=\"Embed of Programe.-_Romana_Matematica_Evaluare_2023.\"><\/object><a id=\"wp-block-file--media-c5fb2ff1-5bd3-4336-8c81-b3214299cbb4\" href=\"https:\/\/www.ctenergeticremusradulet.ro\/scoala\/wp-content\/uploads\/2023\/04\/Programe.-_Romana_Matematica_Evaluare_2023.pdf\">Programe.-_Romana_Matematica_Evaluare_2023<\/a><a href=\"https:\/\/www.ctenergeticremusradulet.ro\/scoala\/wp-content\/uploads\/2023\/04\/Programe.-_Romana_Matematica_Evaluare_2023.pdf\" class=\"wp-block-file__button\" download aria-describedby=\"wp-block-file--media-c5fb2ff1-5bd3-4336-8c81-b3214299cbb4\">Download<\/a><\/div>\n\n\n\n<p><a href=\"http:\/\/subiecte.edu.ro\/2023\/evaluarenationala\/modeledesubiecte\/\">Subiecte Evaluare National\u0103 2023<\/a><\/p>\n\n\n\n<p><strong>EVALUARE 2,4,6 &#8211; 2022-2023<\/strong><\/p>\n\n\n\n<div class=\"wp-block-file\"><object class=\"wp-block-file__embed\" data=\"https:\/\/www.ctenergeticremusradulet.ro\/scoala\/wp-content\/uploads\/2023\/04\/Calendarul-de-administrare-a-evaluarilor-nationale-la-finalul-claselor-a-II_IV_VI.pdf\" type=\"application\/pdf\" style=\"width:100%;height:600px\" aria-label=\"Embed of Calendarul-de-administrare-a-evaluarilor-nationale-la-finalul-claselor-a-II_IV_VI.\"><\/object><a id=\"wp-block-file--media-88e123d1-22ed-4358-beb8-6281f14da4ae\" href=\"https:\/\/www.ctenergeticremusradulet.ro\/scoala\/wp-content\/uploads\/2023\/04\/Calendarul-de-administrare-a-evaluarilor-nationale-la-finalul-claselor-a-II_IV_VI.pdf\">Calendarul-de-administrare-a-evaluarilor-nationale-la-finalul-claselor-a-II_IV_VI<\/a><a href=\"https:\/\/www.ctenergeticremusradulet.ro\/scoala\/wp-content\/uploads\/2023\/04\/Calendarul-de-administrare-a-evaluarilor-nationale-la-finalul-claselor-a-II_IV_VI.pdf\" class=\"wp-block-file__button\" download aria-describedby=\"wp-block-file--media-88e123d1-22ed-4358-beb8-6281f14da4ae\">Download<\/a><\/div>\n\n\n\n<p><a href=\"https:\/\/www.edu.ro\/sites\/default\/files\/fisiere%20articole\/Ordin%20%2B%20Anexa%201_Metodologie_EN.pdf\">Ordin privind aprobarea Metodologiei de organizare \u0219i desf\u0103\u0219urare a Evaluarilor Na\u021bionale 2,4,6-2023<\/a><\/p>\n\n\n\n<p><a href=\"https:\/\/www.edupedu.ro\/tag\/modele-de-teste-evaluarea-la-clasele-2-4-6\/\">Subiecte Evaluare Na\u021bional\u0103 2,4,6 2023<\/a><\/p>\n","protected":false},"excerpt":{"rendered":"<p>OLIMPIADA DE LIMBA \u0218I LITERATURA ROM\u00c2N\u0102 REZULTATE FINALE OLIMPIADA DE LIMBA ROM\u00c2N\u0102 FAZA LOCAL\u0102 15.02.2025 REZULTATE OLIMPIADA DE LIMBA ROM\u00c2N\u0102 FAZA LOCAL\u0102 15.02.2025 EVALUARE NA\u021aIONAL\u0102 2024 Ordin 6155_31\/08\/2023_EN_2024 Calendar _EN_2024 Subiecte_Model_EN_2024 Programe_Rom\u00e2n\u0103_EN_2024 Programe_Matematic\u0103_EN_2024 EVALUARE NA\u021aIONAL\u0102 2_4_6_2023-2024 Calendar Evaluare Na\u021bional\u0103 2_4_6_2023-2024 Ordin nr 3771\/09\/02\/2024 privind aprobarea Calendarului de administrare a evalu\u0103rilor na\u021bionale la finalul claselor a [&hellip;]<\/p>\n","protected":false},"author":1,"featured_media":0,"parent":0,"menu_order":0,"comment_status":"closed","ping_status":"closed","template":"","meta":{"ngg_post_thumbnail":0},"_links":{"self":[{"href":"http:\/\/www.ctenergeticremusradulet.ro\/scoala\/wp-json\/wp\/v2\/pages\/930"}],"collection":[{"href":"http:\/\/www.ctenergeticremusradulet.ro\/scoala\/wp-json\/wp\/v2\/pages"}],"about":[{"href":"http:\/\/www.ctenergeticremusradulet.ro\/scoala\/wp-json\/wp\/v2\/types\/page"}],"author":[{"embeddable":true,"href":"http:\/\/www.ctenergeticremusradulet.ro\/scoala\/wp-json\/wp\/v2\/users\/1"}],"replies":[{"embeddable":true,"href":"http:\/\/www.ctenergeticremusradulet.ro\/scoala\/wp-json\/wp\/v2\/comments?post=930"}],"version-history":[{"count":19,"href":"http:\/\/www.ctenergeticremusradulet.ro\/scoala\/wp-json\/wp\/v2\/pages\/930\/revisions"}],"predecessor-version":[{"id":2586,"href":"http:\/\/www.ctenergeticremusradulet.ro\/scoala\/wp-json\/wp\/v2\/pages\/930\/revisions\/2586"}],"wp:attachment":[{"href":"http:\/\/www.ctenergeticremusradulet.ro\/scoala\/wp-json\/wp\/v2\/media?parent=930"}],"curies":[{"name":"wp","href":"https:\/\/api.w.org\/{rel}","templated":true}]}}